{"id":10997,"date":"2025-07-11T14:04:27","date_gmt":"2025-07-11T17:04:27","guid":{"rendered":"https:\/\/pontodospisos.com.br\/?post_type=product&#038;p=10997"},"modified":"2025-07-11T14:04:27","modified_gmt":"2025-07-11T17:04:27","slug":"argamassa-br-massa-ac3","status":"publish","type":"product","link":"https:\/\/pontodospisos.com.br\/?product=argamassa-br-massa-ac3","title":{"rendered":"ARGAMASSA BR MASSA AC3"},"content":{"rendered":"","protected":false},"excerpt":{"rendered":"<p>A\u00a0Argamassa ACIII 20kg BR Massa\u00a0\u00e9 male\u00e1vel e f\u00e1cil de aplicar, sendo ideal para assentar todo tipo de cer\u00e2mica em ambientes internos e externos, incluindo pisos naturais e porcelanatos. Sua versatilidade permite uso em diversas superf\u00edcies, como fachadas, paredes, piscinas, pisos e saunas. Com alta resist\u00eancia, \u00e9 ideal para \u00e1reas de alto tr\u00e1fego, garantindo durabilidade e\u00a0e seguran\u00e7a em qualquer projeto.<\/p>\n<p><strong>Informa\u00e7\u00f5es T\u00e9cnicas<\/strong><br \/>\n&#8211;\u00a0Composi\u00e7\u00e3o: Cimento Portland, agregados minerais selecionados, aditivos especiais n\u00e3o t\u00f3xicos.<br \/>\n&#8211; Prazos m\u00ednimos para tr\u00e1fego: Pessoas com cuidado: 72 horas. Utiliza\u00e7\u00e3o Normal: 14 dias.<br \/>\n&#8211;\u00a0Resist\u00eancia: Resist\u00eancia de ader\u00eancia por tempo em aberto: &gt; 20 min. Resist\u00eancia de ader\u00eancia (cura normal): &gt; 1,0 MPa. Resist\u00eancia de ader\u00eancia (cura submersa): &gt; 1,0 MPa. Resist\u00eancia de ader\u00eancia (cura em estufa): &gt; 1,0 MPa.<br \/>\n&#8211; Rendimento em pe\u00e7as at\u00e9 30x30cm (camada simples): 5 Kg\/m\u00b2<br \/>\n&#8211; Rendimento em pe\u00e7as acima de 30x30cm (camada dupla): 7.5 Kg\/m\u00b2<br \/>\n&#8211; Validade: 180 (cento e oitenta) dias a partir da data de fabrica\u00e7\u00e3o imprensa na embalagem, se respeitada as condi\u00e7\u00f5es de estocagem.<br \/>\n&#8211; Temperatura de trabalho para aplica\u00e7\u00e3o: Do ambiente: 5\u00b0 a 40\u00b0C;\u00a0Da base: 5\u00b0 a 27\u00b0C.<br \/>\n&#8211; Tempo de Secagem: 0.3 h.<br \/>\n&#8211; Rejuntamento: Ap\u00f3s 72 horas, no m\u00ednimo.<br \/>\n&#8211; Embalagem: Sacos de 20 kg.<br \/>\n&#8211; Cor: Cinza.<\/p>\n","protected":false},"featured_media":10998,"template":"","meta":{"site-sidebar-layout":"default","site-content-layout":"","ast-site-content-layout":"default","site-content-style":"default","site-sidebar-style":"default","ast-global-header-display":"","ast-banner-title-visibility":"","ast-main-header-display":"","ast-hfb-above-header-display":"","ast-hfb-below-header-display":"","ast-hfb-mobile-header-display":"","site-post-title":"","ast-breadcrumbs-content":"","ast-featured-img":"","footer-sml-layout":"","ast-disable-related-posts":"","theme-transparent-header-meta":"default","adv-header-id-meta":"","stick-header-meta":"","header-above-stick-meta":"","header-main-stick-meta":"","header-below-stick-meta":"","astra-migrate-meta-layouts":"set","ast-page-background-enabled":"default","ast-page-background-meta":{"desktop":{"background-color":"","background-image":"","background-repeat":"repeat","background-position":"center center","background-size":"auto","background-attachment":"scroll","background-type":"","background-media":"","overlay-type":"","overlay-color":"","overlay-opacity":"","overlay-gradient":""},"tablet":{"background-color":"","background-image":"","background-repeat":"repeat","background-position":"center center","background-size":"auto","background-attachment":"scroll","background-type":"","background-media":"","overlay-type":"","overlay-color":"","overlay-opacity":"","overlay-gradient":""},"mobile":{"background-color":"","background-image":"","background-repeat":"repeat","background-position":"center center","background-size":"auto","background-attachment":"scroll","background-type":"","background-media":"","overlay-type":"","overlay-color":"","overlay-opacity":"","overlay-gradient":""}},"ast-content-background-meta":{"desktop":{"background-color":"var(--ast-global-color-5)","background-image":"","background-repeat":"repeat","background-position":"center center","background-size":"auto","background-attachment":"scroll","background-type":"","background-media":"","overlay-type":"","overlay-color":"","overlay-opacity":"","overlay-gradient":""},"tablet":{"background-color":"var(--ast-global-color-5)","background-image":"","background-repeat":"repeat","background-position":"center center","background-size":"auto","background-attachment":"scroll","background-type":"","background-media":"","overlay-type":"","overlay-color":"","overlay-opacity":"","overlay-gradient":""},"mobile":{"background-color":"var(--ast-global-color-5)","background-image":"","background-repeat":"repeat","background-position":"center center","background-size":"auto","background-attachment":"scroll","background-type":"","background-media":"","overlay-type":"","overlay-color":"","overlay-opacity":"","overlay-gradient":""}},"_joinchat":[]},"product_brand":[49],"product_cat":[36],"product_tag":[],"class_list":{"0":"post-10997","1":"product","2":"type-product","3":"status-publish","4":"has-post-thumbnail","6":"product_brand-br-massa","7":"product_cat-argamassa-e-rejuntes","8":"desktop-align-left","9":"tablet-align-left","10":"mobile-align-left","12":"first","13":"instock","14":"shipping-taxable","15":"product-type-simple"},"aioseo_notices":[],"_links":{"self":[{"href":"https:\/\/pontodospisos.com.br\/index.php?rest_route=\/wp\/v2\/product\/10997","targetHints":{"allow":["GET"]}}],"collection":[{"href":"https:\/\/pontodospisos.com.br\/index.php?rest_route=\/wp\/v2\/product"}],"about":[{"href":"https:\/\/pontodospisos.com.br\/index.php?rest_route=\/wp\/v2\/types\/product"}],"wp:featuredmedia":[{"embeddable":true,"href":"https:\/\/pontodospisos.com.br\/index.php?rest_route=\/wp\/v2\/media\/10998"}],"wp:attachment":[{"href":"https:\/\/pontodospisos.com.br\/index.php?rest_route=%2Fwp%2Fv2%2Fmedia&parent=10997"}],"wp:term":[{"taxonomy":"product_brand","embeddable":true,"href":"https:\/\/pontodospisos.com.br\/index.php?rest_route=%2Fwp%2Fv2%2Fproduct_brand&post=10997"},{"taxonomy":"product_cat","embeddable":true,"href":"https:\/\/pontodospisos.com.br\/index.php?rest_route=%2Fwp%2Fv2%2Fproduct_cat&post=10997"},{"taxonomy":"product_tag","embeddable":true,"href":"https:\/\/pontodospisos.com.br\/index.php?rest_route=%2Fwp%2Fv2%2Fproduct_tag&post=10997"}],"curies":[{"name":"wp","href":"https:\/\/api.w.org\/{rel}","templated":true}]}}