{"id":10995,"date":"2025-07-11T13:52:52","date_gmt":"2025-07-11T16:52:52","guid":{"rendered":"https:\/\/pontodospisos.com.br\/?post_type=product&#038;p=10995"},"modified":"2025-07-11T13:53:52","modified_gmt":"2025-07-11T16:53:52","slug":"argamassa-br-massa-ac2","status":"publish","type":"product","link":"https:\/\/pontodospisos.com.br\/?product=argamassa-br-massa-ac2","title":{"rendered":"ARGAMASSA BR MASSA AC2"},"content":{"rendered":"","protected":false},"excerpt":{"rendered":"<table class=\"grow\">\n<tbody>\n<tr class=\"text-gray-700 [&amp;:nth-child(odd)]:bg-gray-100\">\n<th class=\"w-1\/3 p-2.5 text-start\"><strong>Tipo da Argamassa<\/strong><\/th>\n<td class=\"p-2.5\">ACII<\/td>\n<\/tr>\n<tr class=\"text-gray-700 [&amp;:nth-child(odd)]:bg-gray-100\">\n<th class=\"w-1\/3 p-2.5 text-start\"><strong>Argamassa para<\/strong><\/th>\n<td class=\"p-2.5\">Assentamento Cer\u00e2mico<\/td>\n<\/tr>\n<tr class=\"text-gray-700 [&amp;:nth-child(odd)]:bg-gray-100\">\n<th class=\"w-1\/3 p-2.5 text-start\"><strong>Ambiente Indicado da Argamassa<\/strong><\/th>\n<td class=\"p-2.5\">Interno e Externo<\/td>\n<\/tr>\n<tr class=\"text-gray-700 [&amp;:nth-child(odd)]:bg-gray-100\">\n<th class=\"w-1\/3 p-2.5 text-start\"><strong>Uso da Argamassa<\/strong><\/th>\n<td class=\"p-2.5\">Assentamento em pisos e revestimentos cer\u00e2micos<\/td>\n<\/tr>\n<tr class=\"text-gray-700 [&amp;:nth-child(odd)]:bg-gray-100\">\n<th class=\"w-1\/3 p-2.5 text-start\"><strong>Argamassa Ideal para Pe\u00e7as at\u00e9<\/strong><\/th>\n<td class=\"p-2.5\">60 x 60 cm<\/td>\n<\/tr>\n<tr class=\"text-gray-700 [&amp;:nth-child(odd)]:bg-gray-100\">\n<th class=\"w-1\/3 p-2.5 text-start\"><strong>Produto<\/strong><\/th>\n<td class=\"p-2.5\">Argamassa<\/td>\n<\/tr>\n<tr class=\"text-gray-700 [&amp;:nth-child(odd)]:bg-gray-100\">\n<th class=\"w-1\/3 p-2.5 text-start\"><strong>Cor<\/strong><\/th>\n<td class=\"p-2.5\">Cinza<\/td>\n<\/tr>\n<tr class=\"text-gray-700 [&amp;:nth-child(odd)]:bg-gray-100\">\n<th class=\"w-1\/3 p-2.5 text-start\"><strong>Tonalidade<\/strong><\/th>\n<td class=\"p-2.5\">Cinza<\/td>\n<\/tr>\n<tr class=\"text-gray-700 [&amp;:nth-child(odd)]:bg-gray-100\">\n<th class=\"w-1\/3 p-2.5 text-start\"><strong>Marca<\/strong><\/th>\n<td class=\"p-2.5\">BR Massa<\/td>\n<\/tr>\n<tr class=\"text-gray-700 [&amp;:nth-child(odd)]:bg-gray-100\">\n<th class=\"w-1\/3 p-2.5 text-start\"><strong>Local(is) Indicado(s)<\/strong><\/th>\n<td class=\"p-2.5\">Parede, Piso e Quintal e Varanda<\/td>\n<\/tr>\n<tr class=\"text-gray-700 [&amp;:nth-child(odd)]:bg-gray-100\">\n<th class=\"w-1\/3 p-2.5 text-start\"><strong>Modo de Aplica\u00e7\u00e3o<\/strong><\/th>\n<td class=\"p-2.5\">Para assentamento em: Placas cer\u00e2micas tipo porcelanato;\u00c1reas internas;Pisos e paredes a base de cimento (reboco ou contra piso);Placas at\u00e9 80 cm x 80 cm;Indicada para pedras naturais, m\u00e1rmores e granitos;ATEN\u00c7\u00c3O: Para pe\u00e7as de colora\u00e7\u00e3o clara, utilize a Arga Porcelanato Interno Brancapara evitar manchas permanentes nas pe\u00e7as.<\/td>\n<\/tr>\n<tr class=\"text-gray-700 [&amp;:nth-child(odd)]:bg-gray-100\">\n<th class=\"w-1\/3 p-2.5 text-start\"><strong>Tempo de Secagem<\/strong><\/th>\n<td class=\"p-2.5\">72 h<\/td>\n<\/tr>\n<tr class=\"text-gray-700 [&amp;:nth-child(odd)]:bg-gray-100\">\n<th class=\"w-1\/3 p-2.5 text-start\"><strong>Tipo de Embalagem<\/strong><\/th>\n<td class=\"p-2.5\">Saco<\/td>\n<\/tr>\n<tr class=\"text-gray-700 [&amp;:nth-child(odd)]:bg-gray-100\">\n<th class=\"w-1\/3 p-2.5 text-start\"><strong>Peso do Produto na Embalagem<\/strong><\/th>\n<td class=\"p-2.5\">20,00 Kg<\/td>\n<\/tr>\n<\/tbody>\n<\/table>\n","protected":false},"featured_media":10996,"template":"","meta":{"site-sidebar-layout":"default","site-content-layout":"","ast-site-content-layout":"default","site-content-style":"default","site-sidebar-style":"default","ast-global-header-display":"","ast-banner-title-visibility":"","ast-main-header-display":"","ast-hfb-above-header-display":"","ast-hfb-below-header-display":"","ast-hfb-mobile-header-display":"","site-post-title":"","ast-breadcrumbs-content":"","ast-featured-img":"","footer-sml-layout":"","ast-disable-related-posts":"","theme-transparent-header-meta":"default","adv-header-id-meta":"","stick-header-meta":"","header-above-stick-meta":"","header-main-stick-meta":"","header-below-stick-meta":"","astra-migrate-meta-layouts":"set","ast-page-background-enabled":"default","ast-page-background-meta":{"desktop":{"background-color":"","background-image":"","background-repeat":"repeat","background-position":"center center","background-size":"auto","background-attachment":"scroll","background-type":"","background-media":"","overlay-type":"","overlay-color":"","overlay-opacity":"","overlay-gradient":""},"tablet":{"background-color":"","background-image":"","background-repeat":"repeat","background-position":"center center","background-size":"auto","background-attachment":"scroll","background-type":"","background-media":"","overlay-type":"","overlay-color":"","overlay-opacity":"","overlay-gradient":""},"mobile":{"background-color":"","background-image":"","background-repeat":"repeat","background-position":"center center","background-size":"auto","background-attachment":"scroll","background-type":"","background-media":"","overlay-type":"","overlay-color":"","overlay-opacity":"","overlay-gradient":""}},"ast-content-background-meta":{"desktop":{"background-color":"var(--ast-global-color-5)","background-image":"","background-repeat":"repeat","background-position":"center center","background-size":"auto","background-attachment":"scroll","background-type":"","background-media":"","overlay-type":"","overlay-color":"","overlay-opacity":"","overlay-gradient":""},"tablet":{"background-color":"var(--ast-global-color-5)","background-image":"","background-repeat":"repeat","background-position":"center center","background-size":"auto","background-attachment":"scroll","background-type":"","background-media":"","overlay-type":"","overlay-color":"","overlay-opacity":"","overlay-gradient":""},"mobile":{"background-color":"var(--ast-global-color-5)","background-image":"","background-repeat":"repeat","background-position":"center center","background-size":"auto","background-attachment":"scroll","background-type":"","background-media":"","overlay-type":"","overlay-color":"","overlay-opacity":"","overlay-gradient":""}},"_joinchat":[]},"product_brand":[49],"product_cat":[36],"product_tag":[],"class_list":{"0":"post-10995","1":"product","2":"type-product","3":"status-publish","4":"has-post-thumbnail","6":"product_brand-br-massa","7":"product_cat-argamassa-e-rejuntes","8":"desktop-align-left","9":"tablet-align-left","10":"mobile-align-left","12":"first","13":"instock","14":"shipping-taxable","15":"product-type-simple"},"aioseo_notices":[],"_links":{"self":[{"href":"https:\/\/pontodospisos.com.br\/index.php?rest_route=\/wp\/v2\/product\/10995","targetHints":{"allow":["GET"]}}],"collection":[{"href":"https:\/\/pontodospisos.com.br\/index.php?rest_route=\/wp\/v2\/product"}],"about":[{"href":"https:\/\/pontodospisos.com.br\/index.php?rest_route=\/wp\/v2\/types\/product"}],"wp:featuredmedia":[{"embeddable":true,"href":"https:\/\/pontodospisos.com.br\/index.php?rest_route=\/wp\/v2\/media\/10996"}],"wp:attachment":[{"href":"https:\/\/pontodospisos.com.br\/index.php?rest_route=%2Fwp%2Fv2%2Fmedia&parent=10995"}],"wp:term":[{"taxonomy":"product_brand","embeddable":true,"href":"https:\/\/pontodospisos.com.br\/index.php?rest_route=%2Fwp%2Fv2%2Fproduct_brand&post=10995"},{"taxonomy":"product_cat","embeddable":true,"href":"https:\/\/pontodospisos.com.br\/index.php?rest_route=%2Fwp%2Fv2%2Fproduct_cat&post=10995"},{"taxonomy":"product_tag","embeddable":true,"href":"https:\/\/pontodospisos.com.br\/index.php?rest_route=%2Fwp%2Fv2%2Fproduct_tag&post=10995"}],"curies":[{"name":"wp","href":"https:\/\/api.w.org\/{rel}","templated":true}]}}