{"id":10952,"date":"2025-07-10T11:07:43","date_gmt":"2025-07-10T14:07:43","guid":{"rendered":"https:\/\/pontodospisos.com.br\/?post_type=product&#038;p=10952"},"modified":"2025-07-10T11:07:43","modified_gmt":"2025-07-10T14:07:43","slug":"hd-calacata-33x57","status":"publish","type":"product","link":"https:\/\/pontodospisos.com.br\/?product=hd-calacata-33x57","title":{"rendered":"HD CALACATA 33X57"},"content":{"rendered":"","protected":false},"excerpt":{"rendered":"<div class=\"col-lg-5 info-produto-area\">\n<div class=\"produto-nome\">HD CALACATA<\/div>\n<div><span class=\"info-produto\">MARCA:<\/span>\u00a0<span class=\"info-produto-resultado\">TRIUNFO<\/span><\/div>\n<div><span class=\"info-produto\">TIPOLOGIA:<\/span>\u00a0<span class=\"info-produto-resultado\">BRILHANTE<\/span><\/div>\n<div><span class=\"info-produto\">FORMATO:<\/span>\u00a0<span class=\"info-produto-resultado\">33 x 57<\/span><\/div>\n<div><span class=\"info-produto\">LINHA:<\/span>\u00a0<span class=\"info-produto-resultado\">HD &#8211; ALTA DEFINI\u00c7\u00c3O<\/span><\/div>\n<div><span class=\"info-produto\">LOCAIS DE USO:\u00a0<\/span><span class=\"info-produto-resultado\">LA<\/span>\u00a0<i class=\"fas fa-info-circle\"><\/i><\/div>\n<div><span class=\"info-produto\">FACES:\u00a0<\/span><span class=\"info-produto-resultado\">3<\/span><\/div>\n<div><span class=\"info-produto-resultado\">BIIb &#8211;\u00a0<\/span><span class=\"info-produto\">ABSOR\u00c7\u00c3O DE \u00c1GUA:\u00a0<\/span><span class=\"info-produto-resultado\">DE 6% A 10%<\/span><\/div>\n<\/div>\n<div class=\"col-lg-3 area-especificacoes-tecnicas\">\n<div class=\"title\">ESPECIFICA\u00c7\u00d5ES T\u00c9CNICAS<\/div>\n<div class=\"area-especificao-tecnica\"><span class=\"especificao-tecnica\">ESPESSURA<\/span><span class=\"especificao-tecnica-resultado\">6,7 mm<\/span><\/div>\n<div class=\"area-especificao-tecnica\"><span class=\"especificao-tecnica\">CAIXAS\/PALLET<\/span><span class=\"especificao-tecnica-resultado\">48<\/span><\/div>\n<div class=\"area-especificao-tecnica\"><span class=\"especificao-tecnica\">PESO\/CAIXA<\/span><span class=\"especificao-tecnica-resultado\">31 kg<\/span><\/div>\n<div class=\"area-especificao-tecnica\"><span class=\"especificao-tecnica\">PESO\/PALLET<\/span><span class=\"especificao-tecnica-resultado\">1.470 kg<\/span><\/div>\n<div class=\"area-especificao-tecnica\"><span class=\"especificao-tecnica\">m2\/CAIXA<\/span><span class=\"especificao-tecnica-resultado\">2,50 m2<\/span><\/div>\n<div class=\"area-especificao-tecnica\"><span class=\"especificao-tecnica\">RETIFICADO<\/span><span class=\"especificao-tecnica-resultado\">N\u00c3O<\/span><\/div>\n<div class=\"area-especificao-tecnica\"><span class=\"especificao-tecnica\">PE\u00c7AS\/CAIXA<\/span><span class=\"especificao-tecnica-resultado\">13<\/span><\/div>\n<\/div>\n","protected":false},"featured_media":10953,"template":"","meta":{"site-sidebar-layout":"default","site-content-layout":"","ast-site-content-layout":"default","site-content-style":"default","site-sidebar-style":"default","ast-global-header-display":"","ast-banner-title-visibility":"","ast-main-header-display":"","ast-hfb-above-header-display":"","ast-hfb-below-header-display":"","ast-hfb-mobile-header-display":"","site-post-title":"","ast-breadcrumbs-content":"","ast-featured-img":"","footer-sml-layout":"","ast-disable-related-posts":"","theme-transparent-header-meta":"default","adv-header-id-meta":"","stick-header-meta":"","header-above-stick-meta":"","header-main-stick-meta":"","header-below-stick-meta":"","astra-migrate-meta-layouts":"set","ast-page-background-enabled":"default","ast-page-background-meta":{"desktop":{"background-color":"","background-image":"","background-repeat":"repeat","background-position":"center center","background-size":"auto","background-attachment":"scroll","background-type":"","background-media":"","overlay-type":"","overlay-color":"","overlay-opacity":"","overlay-gradient":""},"tablet":{"background-color":"","background-image":"","background-repeat":"repeat","background-position":"center center","background-size":"auto","background-attachment":"scroll","background-type":"","background-media":"","overlay-type":"","overlay-color":"","overlay-opacity":"","overlay-gradient":""},"mobile":{"background-color":"","background-image":"","background-repeat":"repeat","background-position":"center center","background-size":"auto","background-attachment":"scroll","background-type":"","background-media":"","overlay-type":"","overlay-color":"","overlay-opacity":"","overlay-gradient":""}},"ast-content-background-meta":{"desktop":{"background-color":"var(--ast-global-color-5)","background-image":"","background-repeat":"repeat","background-position":"center center","background-size":"auto","background-attachment":"scroll","background-type":"","background-media":"","overlay-type":"","overlay-color":"","overlay-opacity":"","overlay-gradient":""},"tablet":{"background-color":"var(--ast-global-color-5)","background-image":"","background-repeat":"repeat","background-position":"center center","background-size":"auto","background-attachment":"scroll","background-type":"","background-media":"","overlay-type":"","overlay-color":"","overlay-opacity":"","overlay-gradient":""},"mobile":{"background-color":"var(--ast-global-color-5)","background-image":"","background-repeat":"repeat","background-position":"center center","background-size":"auto","background-attachment":"scroll","background-type":"","background-media":"","overlay-type":"","overlay-color":"","overlay-opacity":"","overlay-gradient":""}},"_joinchat":[]},"product_brand":[47],"product_cat":[35],"product_tag":[],"class_list":{"0":"post-10952","1":"product","2":"type-product","3":"status-publish","4":"has-post-thumbnail","6":"product_brand-rocha-forte","7":"product_cat-revestimentos","8":"desktop-align-left","9":"tablet-align-left","10":"mobile-align-left","12":"first","13":"instock","14":"shipping-taxable","15":"product-type-simple"},"aioseo_notices":[],"_links":{"self":[{"href":"https:\/\/pontodospisos.com.br\/index.php?rest_route=\/wp\/v2\/product\/10952","targetHints":{"allow":["GET"]}}],"collection":[{"href":"https:\/\/pontodospisos.com.br\/index.php?rest_route=\/wp\/v2\/product"}],"about":[{"href":"https:\/\/pontodospisos.com.br\/index.php?rest_route=\/wp\/v2\/types\/product"}],"wp:featuredmedia":[{"embeddable":true,"href":"https:\/\/pontodospisos.com.br\/index.php?rest_route=\/wp\/v2\/media\/10953"}],"wp:attachment":[{"href":"https:\/\/pontodospisos.com.br\/index.php?rest_route=%2Fwp%2Fv2%2Fmedia&parent=10952"}],"wp:term":[{"taxonomy":"product_brand","embeddable":true,"href":"https:\/\/pontodospisos.com.br\/index.php?rest_route=%2Fwp%2Fv2%2Fproduct_brand&post=10952"},{"taxonomy":"product_cat","embeddable":true,"href":"https:\/\/pontodospisos.com.br\/index.php?rest_route=%2Fwp%2Fv2%2Fproduct_cat&post=10952"},{"taxonomy":"product_tag","embeddable":true,"href":"https:\/\/pontodospisos.com.br\/index.php?rest_route=%2Fwp%2Fv2%2Fproduct_tag&post=10952"}],"curies":[{"name":"wp","href":"https:\/\/api.w.org\/{rel}","templated":true}]}}