{"id":10945,"date":"2025-07-10T10:54:58","date_gmt":"2025-07-10T13:54:58","guid":{"rendered":"https:\/\/pontodospisos.com.br\/?post_type=product&#038;p=10945"},"modified":"2025-07-10T10:54:58","modified_gmt":"2025-07-10T13:54:58","slug":"57809","status":"publish","type":"product","link":"https:\/\/pontodospisos.com.br\/?product=57809","title":{"rendered":"57809"},"content":{"rendered":"","protected":false},"excerpt":{"rendered":"<p>HD 57809<br \/>\nMARCA: TRIUNFO<br \/>\nTIPOLOGIA: BRILHANTE<br \/>\nFORMATO: 33 x 57<br \/>\nLINHA: HD &#8211; ALTA DEFINI\u00c7\u00c3O<br \/>\nLOCAIS DE USO: LA<br \/>\nFACES: 2<br \/>\nBIIb &#8211; ABSOR\u00c7\u00c3O DE \u00c1GUA: DE 6% A 10%<br \/>\nESPECIFICA\u00c7\u00d5ES T\u00c9CNICAS<br \/>\nESPESSURA<br \/>\n6,7 mm<br \/>\nCAIXAS\/PALLET<br \/>\n48<br \/>\nPESO\/CAIXA<br \/>\n31 kg<br \/>\nPESO\/PALLET<br \/>\n1.470 kg<br \/>\nm2\/CAIXA<br \/>\n2,50 m2<br \/>\nRETIFICADO<br \/>\nN\u00c3O<br \/>\nPE\u00c7AS\/CAIXA<br \/>\n13<\/p>\n","protected":false},"featured_media":10946,"template":"","meta":{"site-sidebar-layout":"default","site-content-layout":"","ast-site-content-layout":"default","site-content-style":"default","site-sidebar-style":"default","ast-global-header-display":"","ast-banner-title-visibility":"","ast-main-header-display":"","ast-hfb-above-header-display":"","ast-hfb-below-header-display":"","ast-hfb-mobile-header-display":"","site-post-title":"","ast-breadcrumbs-content":"","ast-featured-img":"","footer-sml-layout":"","ast-disable-related-posts":"","theme-transparent-header-meta":"default","adv-header-id-meta":"","stick-header-meta":"","header-above-stick-meta":"","header-main-stick-meta":"","header-below-stick-meta":"","astra-migrate-meta-layouts":"set","ast-page-background-enabled":"default","ast-page-background-meta":{"desktop":{"background-color":"","background-image":"","background-repeat":"repeat","background-position":"center center","background-size":"auto","background-attachment":"scroll","background-type":"","background-media":"","overlay-type":"","overlay-color":"","overlay-opacity":"","overlay-gradient":""},"tablet":{"background-color":"","background-image":"","background-repeat":"repeat","background-position":"center center","background-size":"auto","background-attachment":"scroll","background-type":"","background-media":"","overlay-type":"","overlay-color":"","overlay-opacity":"","overlay-gradient":""},"mobile":{"background-color":"","background-image":"","background-repeat":"repeat","background-position":"center center","background-size":"auto","background-attachment":"scroll","background-type":"","background-media":"","overlay-type":"","overlay-color":"","overlay-opacity":"","overlay-gradient":""}},"ast-content-background-meta":{"desktop":{"background-color":"var(--ast-global-color-5)","background-image":"","background-repeat":"repeat","background-position":"center center","background-size":"auto","background-attachment":"scroll","background-type":"","background-media":"","overlay-type":"","overlay-color":"","overlay-opacity":"","overlay-gradient":""},"tablet":{"background-color":"var(--ast-global-color-5)","background-image":"","background-repeat":"repeat","background-position":"center center","background-size":"auto","background-attachment":"scroll","background-type":"","background-media":"","overlay-type":"","overlay-color":"","overlay-opacity":"","overlay-gradient":""},"mobile":{"background-color":"var(--ast-global-color-5)","background-image":"","background-repeat":"repeat","background-position":"center center","background-size":"auto","background-attachment":"scroll","background-type":"","background-media":"","overlay-type":"","overlay-color":"","overlay-opacity":"","overlay-gradient":""}},"_joinchat":[]},"product_brand":[47],"product_cat":[35],"product_tag":[],"class_list":{"0":"post-10945","1":"product","2":"type-product","3":"status-publish","4":"has-post-thumbnail","6":"product_brand-rocha-forte","7":"product_cat-revestimentos","8":"desktop-align-left","9":"tablet-align-left","10":"mobile-align-left","12":"first","13":"instock","14":"shipping-taxable","15":"product-type-simple"},"aioseo_notices":[],"_links":{"self":[{"href":"https:\/\/pontodospisos.com.br\/index.php?rest_route=\/wp\/v2\/product\/10945","targetHints":{"allow":["GET"]}}],"collection":[{"href":"https:\/\/pontodospisos.com.br\/index.php?rest_route=\/wp\/v2\/product"}],"about":[{"href":"https:\/\/pontodospisos.com.br\/index.php?rest_route=\/wp\/v2\/types\/product"}],"wp:featuredmedia":[{"embeddable":true,"href":"https:\/\/pontodospisos.com.br\/index.php?rest_route=\/wp\/v2\/media\/10946"}],"wp:attachment":[{"href":"https:\/\/pontodospisos.com.br\/index.php?rest_route=%2Fwp%2Fv2%2Fmedia&parent=10945"}],"wp:term":[{"taxonomy":"product_brand","embeddable":true,"href":"https:\/\/pontodospisos.com.br\/index.php?rest_route=%2Fwp%2Fv2%2Fproduct_brand&post=10945"},{"taxonomy":"product_cat","embeddable":true,"href":"https:\/\/pontodospisos.com.br\/index.php?rest_route=%2Fwp%2Fv2%2Fproduct_cat&post=10945"},{"taxonomy":"product_tag","embeddable":true,"href":"https:\/\/pontodospisos.com.br\/index.php?rest_route=%2Fwp%2Fv2%2Fproduct_tag&post=10945"}],"curies":[{"name":"wp","href":"https:\/\/api.w.org\/{rel}","templated":true}]}}