{"id":10898,"date":"2025-07-10T10:06:55","date_gmt":"2025-07-10T13:06:55","guid":{"rendered":"https:\/\/pontodospisos.com.br\/?post_type=product&#038;p=10898"},"modified":"2025-07-10T10:06:55","modified_gmt":"2025-07-10T13:06:55","slug":"60321","status":"publish","type":"product","link":"https:\/\/pontodospisos.com.br\/?product=60321","title":{"rendered":"60321"},"content":{"rendered":"","protected":false},"excerpt":{"rendered":"<div class=\"info-tec col-lg-8\">\n<div class=\"flex-column gap-md\">\n<p class=\"col-lg-12\"><b>N\u00famero de Faces:\u00a0<\/b>6<\/p>\n<p class=\"col-lg-12\"><b>Varia\u00e7\u00e3o de Tonalidade:\u00a0<\/b>V3 | MODERADA\u00a0&#8211;\u00a0As cores presentes em uma \u00fanica pe\u00e7a ser\u00e3o parte das cores presentes nas outras pe\u00e7as e a quantidade de cores em cada pe\u00e7a pode variar significativamente.<\/p>\n<p class=\"col-lg-12\"><b>Aplica\u00e7\u00e3o:\u00a0<\/b>LE | Cal\u00e7adas\u00a0&#8211;\u00a0Cal\u00e7adas e ambientes externos com \u00e1reas planas e locais LA, LB, LC e LD<\/p>\n<p class=\"col-lg-12\"><b>Borda:\u00a0<\/b>RETIFICADO | borda reta<\/p>\n<\/div>\n<\/div>\n<div class=\"info-tec col-lg-12\">\n<h5 class=\"mt-24 mb-24 bold\">INFORMA\u00c7\u00d5ES LOG\u00cdSTICAS<\/h5>\n<div class=\"row gap-md\">\n<p class=\"col-lg-5\"><b>Formato:\u00a0<\/b>60&#215;60 Retificado<\/p>\n<p class=\"col-lg-5\"><b>Tamanho de Fabrica\u00e7\u00e3o:\u00a0<\/b>599x599mm<\/p>\n<p class=\"col-lg-5\"><b>Espessura:\u00a0<\/b>7,5mm<\/p>\n<p class=\"col-lg-5\"><b>Junta:\u00a0<\/b>2mm<\/p>\n<p class=\"col-lg-5\"><b>m\u00b2\/Caixa:\u00a0<\/b>2,52<\/p>\n<p class=\"col-lg-5\"><b>m\u00b2\/Pallet:\u00a0<\/b>90,72<\/p>\n<p class=\"col-lg-5\"><b>Pe\u00e7as\/Caixa:\u00a0<\/b>7<\/p>\n<p class=\"col-lg-5\"><b>kg\/Caixa:\u00a0<\/b>35,851<\/p>\n<p class=\"col-lg-5\"><b>Caixa\/Pallet:\u00a0<\/b>36<\/p>\n<p class=\"col-lg-5\"><b>kg\/Pallet:\u00a0<\/b>1.312,000<\/p>\n<\/div>\n<\/div>\n","protected":false},"featured_media":10899,"template":"","meta":{"site-sidebar-layout":"default","site-content-layout":"","ast-site-content-layout":"default","site-content-style":"default","site-sidebar-style":"default","ast-global-header-display":"","ast-banner-title-visibility":"","ast-main-header-display":"","ast-hfb-above-header-display":"","ast-hfb-below-header-display":"","ast-hfb-mobile-header-display":"","site-post-title":"","ast-breadcrumbs-content":"","ast-featured-img":"","footer-sml-layout":"","ast-disable-related-posts":"","theme-transparent-header-meta":"default","adv-header-id-meta":"","stick-header-meta":"","header-above-stick-meta":"","header-main-stick-meta":"","header-below-stick-meta":"","astra-migrate-meta-layouts":"set","ast-page-background-enabled":"default","ast-page-background-meta":{"desktop":{"background-color":"","background-image":"","background-repeat":"repeat","background-position":"center center","background-size":"auto","background-attachment":"scroll","background-type":"","background-media":"","overlay-type":"","overlay-color":"","overlay-opacity":"","overlay-gradient":""},"tablet":{"background-color":"","background-image":"","background-repeat":"repeat","background-position":"center center","background-size":"auto","background-attachment":"scroll","background-type":"","background-media":"","overlay-type":"","overlay-color":"","overlay-opacity":"","overlay-gradient":""},"mobile":{"background-color":"","background-image":"","background-repeat":"repeat","background-position":"center center","background-size":"auto","background-attachment":"scroll","background-type":"","background-media":"","overlay-type":"","overlay-color":"","overlay-opacity":"","overlay-gradient":""}},"ast-content-background-meta":{"desktop":{"background-color":"var(--ast-global-color-5)","background-image":"","background-repeat":"repeat","background-position":"center center","background-size":"auto","background-attachment":"scroll","background-type":"","background-media":"","overlay-type":"","overlay-color":"","overlay-opacity":"","overlay-gradient":""},"tablet":{"background-color":"var(--ast-global-color-5)","background-image":"","background-repeat":"repeat","background-position":"center center","background-size":"auto","background-attachment":"scroll","background-type":"","background-media":"","overlay-type":"","overlay-color":"","overlay-opacity":"","overlay-gradient":""},"mobile":{"background-color":"var(--ast-global-color-5)","background-image":"","background-repeat":"repeat","background-position":"center center","background-size":"auto","background-attachment":"scroll","background-type":"","background-media":"","overlay-type":"","overlay-color":"","overlay-opacity":"","overlay-gradient":""}},"_joinchat":[]},"product_brand":[46],"product_cat":[34],"product_tag":[],"class_list":{"0":"post-10898","1":"product","2":"type-product","3":"status-publish","4":"has-post-thumbnail","6":"product_brand-karina","7":"product_cat-pisos-area-externa","8":"desktop-align-left","9":"tablet-align-left","10":"mobile-align-left","12":"first","13":"instock","14":"shipping-taxable","15":"product-type-simple"},"aioseo_notices":[],"_links":{"self":[{"href":"https:\/\/pontodospisos.com.br\/index.php?rest_route=\/wp\/v2\/product\/10898","targetHints":{"allow":["GET"]}}],"collection":[{"href":"https:\/\/pontodospisos.com.br\/index.php?rest_route=\/wp\/v2\/product"}],"about":[{"href":"https:\/\/pontodospisos.com.br\/index.php?rest_route=\/wp\/v2\/types\/product"}],"wp:featuredmedia":[{"embeddable":true,"href":"https:\/\/pontodospisos.com.br\/index.php?rest_route=\/wp\/v2\/media\/10899"}],"wp:attachment":[{"href":"https:\/\/pontodospisos.com.br\/index.php?rest_route=%2Fwp%2Fv2%2Fmedia&parent=10898"}],"wp:term":[{"taxonomy":"product_brand","embeddable":true,"href":"https:\/\/pontodospisos.com.br\/index.php?rest_route=%2Fwp%2Fv2%2Fproduct_brand&post=10898"},{"taxonomy":"product_cat","embeddable":true,"href":"https:\/\/pontodospisos.com.br\/index.php?rest_route=%2Fwp%2Fv2%2Fproduct_cat&post=10898"},{"taxonomy":"product_tag","embeddable":true,"href":"https:\/\/pontodospisos.com.br\/index.php?rest_route=%2Fwp%2Fv2%2Fproduct_tag&post=10898"}],"curies":[{"name":"wp","href":"https:\/\/api.w.org\/{rel}","templated":true}]}}